{"id":4704,"date":"2022-09-25T11:43:11","date_gmt":"2022-09-25T10:43:11","guid":{"rendered":"https:\/\/klaudijadent.com\/webshop\/?post_type=product&#038;p=4704"},"modified":"2023-05-20T17:00:18","modified_gmt":"2023-05-20T16:00:18","slug":"standardni-naslon-veliki","status":"publish","type":"product","link":"https:\/\/klaudijadent.com\/webshop\/proizvod\/standardni-naslon-veliki\/","title":{"rendered":"Standardni naslon &#8211; veliki"},"content":{"rendered":"<p>Naslon se naru\u010duje odmah sa sjedalom, nije ga mogu\u0107e naknadno dodati.<\/p>\n","protected":false},"excerpt":{"rendered":"<p>&nbsp;<\/p>\n<p>&nbsp;<\/p>\n","protected":false},"featured_media":4705,"template":"","meta":[],"product_brand":[],"product_cat":[219,97],"product_tag":[],"class_list":{"0":"post-4704","1":"product","2":"type-product","3":"status-publish","4":"has-post-thumbnail","6":"product_cat-naslon-za-leda","7":"product_cat-dodaci","9":"first","10":"instock","11":"taxable","12":"shipping-taxable","13":"purchasable","14":"product-type-simple"},"yoast_head":"<!-- This site is optimized with the Yoast SEO plugin v27.0 - https:\/\/yoast.com\/product\/yoast-seo-wordpress\/ -->\n<title>Standardni naslon - veliki - BAMBACH<\/title>\n<meta name=\"description\" content=\"Higijenska za\u0161tita za sjedalice Bambach od prozra\u010dnog materijala. S elasti\u010dnom trakom. Pakovanje od 50 kom.\" \/>\n<meta name=\"robots\" content=\"index, follow, max-snippet:-1, max-image-preview:large, max-video-preview:-1\" \/>\n<link rel=\"canonical\" href=\"https:\/\/klaudijadent.com\/webshop\/proizvod\/standardni-naslon-veliki\/\" \/>\n<meta property=\"og:locale\" content=\"hr_HR\" \/>\n<meta property=\"og:type\" content=\"article\" \/>\n<meta property=\"og:title\" content=\"Standardni naslon - veliki - BAMBACH\" \/>\n<meta property=\"og:description\" content=\"Higijenska za\u0161tita za sjedalice Bambach od prozra\u010dnog materijala. S elasti\u010dnom trakom. Pakovanje od 50 kom.\" \/>\n<meta property=\"og:url\" content=\"https:\/\/klaudijadent.com\/webshop\/proizvod\/standardni-naslon-veliki\/\" \/>\n<meta property=\"og:site_name\" content=\"BAMBACH\" \/>\n<meta property=\"article:modified_time\" content=\"2023-05-20T16:00:18+00:00\" \/>\n<meta property=\"og:image\" content=\"https:\/\/klaudijadent.com\/webshop\/wp-content\/uploads\/2022\/09\/naslon-veliki.jpg\" \/>\n\t<meta property=\"og:image:width\" content=\"765\" \/>\n\t<meta property=\"og:image:height\" content=\"1200\" \/>\n\t<meta property=\"og:image:type\" content=\"image\/jpeg\" \/>\n<meta name=\"twitter:card\" content=\"summary_large_image\" \/>\n<meta name=\"twitter:label1\" content=\"Procijenjeno vrijeme \u010ditanja\" \/>\n\t<meta name=\"twitter:data1\" content=\"1 minuta\" \/>\n<script type=\"application\/ld+json\" class=\"yoast-schema-graph\">{\"@context\":\"https:\/\/schema.org\",\"@graph\":[{\"@type\":\"WebPage\",\"@id\":\"https:\/\/klaudijadent.com\/webshop\/proizvod\/standardni-naslon-veliki\/\",\"url\":\"https:\/\/klaudijadent.com\/webshop\/proizvod\/standardni-naslon-veliki\/\",\"name\":\"Standardni naslon - veliki - BAMBACH\",\"isPartOf\":{\"@id\":\"https:\/\/klaudijadent.com\/webshop\/#website\"},\"primaryImageOfPage\":{\"@id\":\"https:\/\/klaudijadent.com\/webshop\/proizvod\/standardni-naslon-veliki\/#primaryimage\"},\"image\":{\"@id\":\"https:\/\/klaudijadent.com\/webshop\/proizvod\/standardni-naslon-veliki\/#primaryimage\"},\"thumbnailUrl\":\"https:\/\/klaudijadent.com\/webshop\/wp-content\/uploads\/2022\/09\/naslon-veliki.jpg\",\"datePublished\":\"2022-09-25T10:43:11+00:00\",\"dateModified\":\"2023-05-20T16:00:18+00:00\",\"description\":\"Higijenska za\u0161tita za sjedalice Bambach od prozra\u010dnog materijala. S elasti\u010dnom trakom. Pakovanje od 50 kom.\",\"breadcrumb\":{\"@id\":\"https:\/\/klaudijadent.com\/webshop\/proizvod\/standardni-naslon-veliki\/#breadcrumb\"},\"inLanguage\":\"hr\",\"potentialAction\":[{\"@type\":\"ReadAction\",\"target\":[\"https:\/\/klaudijadent.com\/webshop\/proizvod\/standardni-naslon-veliki\/\"]}]},{\"@type\":\"ImageObject\",\"inLanguage\":\"hr\",\"@id\":\"https:\/\/klaudijadent.com\/webshop\/proizvod\/standardni-naslon-veliki\/#primaryimage\",\"url\":\"https:\/\/klaudijadent.com\/webshop\/wp-content\/uploads\/2022\/09\/naslon-veliki.jpg\",\"contentUrl\":\"https:\/\/klaudijadent.com\/webshop\/wp-content\/uploads\/2022\/09\/naslon-veliki.jpg\",\"width\":765,\"height\":1200},{\"@type\":\"BreadcrumbList\",\"@id\":\"https:\/\/klaudijadent.com\/webshop\/proizvod\/standardni-naslon-veliki\/#breadcrumb\",\"itemListElement\":[{\"@type\":\"ListItem\",\"position\":1,\"name\":\"Home\",\"item\":\"https:\/\/klaudijadent.com\/webshop\/\"},{\"@type\":\"ListItem\",\"position\":2,\"name\":\"proizvodi\",\"item\":\"https:\/\/klaudijadent.com\/webshop\/proizvodi\/\"},{\"@type\":\"ListItem\",\"position\":3,\"name\":\"Standardni naslon &#8211; veliki\"}]},{\"@type\":\"WebSite\",\"@id\":\"https:\/\/klaudijadent.com\/webshop\/#website\",\"url\":\"https:\/\/klaudijadent.com\/webshop\/\",\"name\":\"BAMBACH\",\"description\":\"BAMBACH Ergonomska sjedalica za Va\u0161e zdravlje\",\"publisher\":{\"@id\":\"https:\/\/klaudijadent.com\/webshop\/#organization\"},\"potentialAction\":[{\"@type\":\"SearchAction\",\"target\":{\"@type\":\"EntryPoint\",\"urlTemplate\":\"https:\/\/klaudijadent.com\/webshop\/?s={search_term_string}\"},\"query-input\":{\"@type\":\"PropertyValueSpecification\",\"valueRequired\":true,\"valueName\":\"search_term_string\"}}],\"inLanguage\":\"hr\"},{\"@type\":\"Organization\",\"@id\":\"https:\/\/klaudijadent.com\/webshop\/#organization\",\"name\":\"BAMBACH\",\"url\":\"https:\/\/klaudijadent.com\/webshop\/\",\"logo\":{\"@type\":\"ImageObject\",\"inLanguage\":\"hr\",\"@id\":\"https:\/\/klaudijadent.com\/webshop\/#\/schema\/logo\/image\/\",\"url\":\"https:\/\/klaudijadent.com\/webshop\/wp-content\/uploads\/2020\/11\/cropped-cropped-logo-klaudija-dent.png\",\"contentUrl\":\"https:\/\/klaudijadent.com\/webshop\/wp-content\/uploads\/2020\/11\/cropped-cropped-logo-klaudija-dent.png\",\"width\":150,\"height\":150,\"caption\":\"BAMBACH\"},\"image\":{\"@id\":\"https:\/\/klaudijadent.com\/webshop\/#\/schema\/logo\/image\/\"}}]}<\/script>\n<!-- \/ Yoast SEO plugin. -->","yoast_head_json":{"title":"Standardni naslon - veliki - BAMBACH","description":"Higijenska za\u0161tita za sjedalice Bambach od prozra\u010dnog materijala. S elasti\u010dnom trakom. Pakovanje od 50 kom.","robots":{"index":"index","follow":"follow","max-snippet":"max-snippet:-1","max-image-preview":"max-image-preview:large","max-video-preview":"max-video-preview:-1"},"canonical":"https:\/\/klaudijadent.com\/webshop\/proizvod\/standardni-naslon-veliki\/","og_locale":"hr_HR","og_type":"article","og_title":"Standardni naslon - veliki - BAMBACH","og_description":"Higijenska za\u0161tita za sjedalice Bambach od prozra\u010dnog materijala. S elasti\u010dnom trakom. Pakovanje od 50 kom.","og_url":"https:\/\/klaudijadent.com\/webshop\/proizvod\/standardni-naslon-veliki\/","og_site_name":"BAMBACH","article_modified_time":"2023-05-20T16:00:18+00:00","og_image":[{"width":765,"height":1200,"url":"https:\/\/klaudijadent.com\/webshop\/wp-content\/uploads\/2022\/09\/naslon-veliki.jpg","type":"image\/jpeg"}],"twitter_card":"summary_large_image","twitter_misc":{"Procijenjeno vrijeme \u010ditanja":"1 minuta"},"schema":{"@context":"https:\/\/schema.org","@graph":[{"@type":"WebPage","@id":"https:\/\/klaudijadent.com\/webshop\/proizvod\/standardni-naslon-veliki\/","url":"https:\/\/klaudijadent.com\/webshop\/proizvod\/standardni-naslon-veliki\/","name":"Standardni naslon - veliki - BAMBACH","isPartOf":{"@id":"https:\/\/klaudijadent.com\/webshop\/#website"},"primaryImageOfPage":{"@id":"https:\/\/klaudijadent.com\/webshop\/proizvod\/standardni-naslon-veliki\/#primaryimage"},"image":{"@id":"https:\/\/klaudijadent.com\/webshop\/proizvod\/standardni-naslon-veliki\/#primaryimage"},"thumbnailUrl":"https:\/\/klaudijadent.com\/webshop\/wp-content\/uploads\/2022\/09\/naslon-veliki.jpg","datePublished":"2022-09-25T10:43:11+00:00","dateModified":"2023-05-20T16:00:18+00:00","description":"Higijenska za\u0161tita za sjedalice Bambach od prozra\u010dnog materijala. S elasti\u010dnom trakom. Pakovanje od 50 kom.","breadcrumb":{"@id":"https:\/\/klaudijadent.com\/webshop\/proizvod\/standardni-naslon-veliki\/#breadcrumb"},"inLanguage":"hr","potentialAction":[{"@type":"ReadAction","target":["https:\/\/klaudijadent.com\/webshop\/proizvod\/standardni-naslon-veliki\/"]}]},{"@type":"ImageObject","inLanguage":"hr","@id":"https:\/\/klaudijadent.com\/webshop\/proizvod\/standardni-naslon-veliki\/#primaryimage","url":"https:\/\/klaudijadent.com\/webshop\/wp-content\/uploads\/2022\/09\/naslon-veliki.jpg","contentUrl":"https:\/\/klaudijadent.com\/webshop\/wp-content\/uploads\/2022\/09\/naslon-veliki.jpg","width":765,"height":1200},{"@type":"BreadcrumbList","@id":"https:\/\/klaudijadent.com\/webshop\/proizvod\/standardni-naslon-veliki\/#breadcrumb","itemListElement":[{"@type":"ListItem","position":1,"name":"Home","item":"https:\/\/klaudijadent.com\/webshop\/"},{"@type":"ListItem","position":2,"name":"proizvodi","item":"https:\/\/klaudijadent.com\/webshop\/proizvodi\/"},{"@type":"ListItem","position":3,"name":"Standardni naslon &#8211; veliki"}]},{"@type":"WebSite","@id":"https:\/\/klaudijadent.com\/webshop\/#website","url":"https:\/\/klaudijadent.com\/webshop\/","name":"BAMBACH","description":"BAMBACH Ergonomska sjedalica za Va\u0161e zdravlje","publisher":{"@id":"https:\/\/klaudijadent.com\/webshop\/#organization"},"potentialAction":[{"@type":"SearchAction","target":{"@type":"EntryPoint","urlTemplate":"https:\/\/klaudijadent.com\/webshop\/?s={search_term_string}"},"query-input":{"@type":"PropertyValueSpecification","valueRequired":true,"valueName":"search_term_string"}}],"inLanguage":"hr"},{"@type":"Organization","@id":"https:\/\/klaudijadent.com\/webshop\/#organization","name":"BAMBACH","url":"https:\/\/klaudijadent.com\/webshop\/","logo":{"@type":"ImageObject","inLanguage":"hr","@id":"https:\/\/klaudijadent.com\/webshop\/#\/schema\/logo\/image\/","url":"https:\/\/klaudijadent.com\/webshop\/wp-content\/uploads\/2020\/11\/cropped-cropped-logo-klaudija-dent.png","contentUrl":"https:\/\/klaudijadent.com\/webshop\/wp-content\/uploads\/2020\/11\/cropped-cropped-logo-klaudija-dent.png","width":150,"height":150,"caption":"BAMBACH"},"image":{"@id":"https:\/\/klaudijadent.com\/webshop\/#\/schema\/logo\/image\/"}}]}},"_links":{"self":[{"href":"https:\/\/klaudijadent.com\/webshop\/wp-json\/wp\/v2\/product\/4704","targetHints":{"allow":["GET"]}}],"collection":[{"href":"https:\/\/klaudijadent.com\/webshop\/wp-json\/wp\/v2\/product"}],"about":[{"href":"https:\/\/klaudijadent.com\/webshop\/wp-json\/wp\/v2\/types\/product"}],"version-history":[{"count":1,"href":"https:\/\/klaudijadent.com\/webshop\/wp-json\/wp\/v2\/product\/4704\/revisions"}],"predecessor-version":[{"id":4706,"href":"https:\/\/klaudijadent.com\/webshop\/wp-json\/wp\/v2\/product\/4704\/revisions\/4706"}],"wp:featuredmedia":[{"embeddable":true,"href":"https:\/\/klaudijadent.com\/webshop\/wp-json\/wp\/v2\/media\/4705"}],"wp:attachment":[{"href":"https:\/\/klaudijadent.com\/webshop\/wp-json\/wp\/v2\/media?parent=4704"}],"wp:term":[{"taxonomy":"product_brand","embeddable":true,"href":"https:\/\/klaudijadent.com\/webshop\/wp-json\/wp\/v2\/product_brand?post=4704"},{"taxonomy":"product_cat","embeddable":true,"href":"https:\/\/klaudijadent.com\/webshop\/wp-json\/wp\/v2\/product_cat?post=4704"},{"taxonomy":"product_tag","embeddable":true,"href":"https:\/\/klaudijadent.com\/webshop\/wp-json\/wp\/v2\/product_tag?post=4704"}],"curies":[{"name":"wp","href":"https:\/\/api.w.org\/{rel}","templated":true}]}}