{"id":2284,"date":"2020-11-18T08:07:01","date_gmt":"2020-11-18T07:07:01","guid":{"rendered":"https:\/\/klaudijadent.com\/webshop\/?post_type=product&#038;p=2284"},"modified":"2022-05-22T18:05:11","modified_gmt":"2022-05-22T17:05:11","slug":"zvjezdasta-baza-za-stolicu","status":"publish","type":"product","link":"https:\/\/klaudijadent.com\/webshop\/proizvod\/zvjezdasta-baza-za-stolicu\/","title":{"rendered":"Zvjezdasta baza za stolicu"},"content":{"rendered":"\t\t<div data-elementor-type=\"wp-post\" data-elementor-id=\"2284\" class=\"elementor elementor-2284\">\n\t\t\t\t\t\t<section class=\"elementor-section elementor-top-section elementor-element elementor-element-88fbe2d elementor-section-boxed elementor-section-height-default elementor-section-height-default\" data-id=\"88fbe2d\" data-element_type=\"section\" data-e-type=\"section\">\n\t\t\t\t\t\t<div class=\"elementor-container elementor-column-gap-extended\">\n\t\t\t\t\t<div class=\"aux-parallax-section elementor-column elementor-col-50 elementor-top-column elementor-element elementor-element-52aff84\" data-id=\"52aff84\" data-element_type=\"column\" data-e-type=\"column\">\n\t\t\t<div class=\"elementor-widget-wrap elementor-element-populated\">\n\t\t\t\t\t\t<div class=\"elementor-element elementor-element-ca381e2 elementor-icon-list--layout-traditional elementor-list-item-link-full_width elementor-widget elementor-widget-icon-list\" data-id=\"ca381e2\" data-element_type=\"widget\" data-e-type=\"widget\" data-widget_type=\"icon-list.default\">\n\t\t\t\t<div class=\"elementor-widget-container\">\n\t\t\t\t\t\t\t<ul class=\"elementor-icon-list-items\">\n\t\t\t\t\t\t\t<li class=\"elementor-icon-list-item\">\n\t\t\t\t\t\t\t\t\t\t\t<span class=\"elementor-icon-list-icon\">\n\t\t\t\t\t\t\t<i aria-hidden=\"true\" class=\"auxicon auxicon-primitive-dot\"><\/i>\t\t\t\t\t\t<\/span>\n\t\t\t\t\t\t\t\t\t\t<span class=\"elementor-icon-list-text\">Podesiva visina<\/span>\n\t\t\t\t\t\t\t\t\t<\/li>\n\t\t\t\t\t\t\t\t<li class=\"elementor-icon-list-item\">\n\t\t\t\t\t\t\t\t\t\t\t<span class=\"elementor-icon-list-icon\">\n\t\t\t\t\t\t\t<i aria-hidden=\"true\" class=\"auxicon auxicon-primitive-dot\"><\/i>\t\t\t\t\t\t<\/span>\n\t\t\t\t\t\t\t\t\t\t<span class=\"elementor-icon-list-text\">Potpuno dezinficiraju\u0107i<\/span>\n\t\t\t\t\t\t\t\t\t<\/li>\n\t\t\t\t\t\t\t\t<li class=\"elementor-icon-list-item\">\n\t\t\t\t\t\t\t\t\t\t\t<span class=\"elementor-icon-list-icon\">\n\t\t\t\t\t\t\t<i aria-hidden=\"true\" class=\"auxicon auxicon-primitive-dot\"><\/i>\t\t\t\t\t\t<\/span>\n\t\t\t\t\t\t\t\t\t\t<span class=\"elementor-icon-list-text\">Dostupno samo u crnoj boji<\/span>\n\t\t\t\t\t\t\t\t\t<\/li>\n\t\t\t\t\t\t\t\t<li class=\"elementor-icon-list-item\">\n\t\t\t\t\t\t\t\t\t\t\t<span class=\"elementor-icon-list-icon\">\n\t\t\t\t\t\t\t<i aria-hidden=\"true\" class=\"auxicon auxicon-primitive-dot\"><\/i>\t\t\t\t\t\t<\/span>\n\t\t\t\t\t\t\t\t\t\t<span class=\"elementor-icon-list-text\">Tapecirano umjetnom ko\u017eom koja se lako \u010disti jednostavnim brisanjem<\/span>\n\t\t\t\t\t\t\t\t\t<\/li>\n\t\t\t\t\t\t<\/ul>\n\t\t\t\t\t\t<\/div>\n\t\t\t\t<\/div>\n\t\t\t\t<div class=\"elementor-element elementor-element-dcaf328 elementor-widget elementor-widget-spacer\" data-id=\"dcaf328\" data-element_type=\"widget\" data-e-type=\"widget\" data-widget_type=\"spacer.default\">\n\t\t\t\t<div class=\"elementor-widget-container\">\n\t\t\t\t\t\t\t<div class=\"elementor-spacer\">\n\t\t\t<div class=\"elementor-spacer-inner\"><\/div>\n\t\t<\/div>\n\t\t\t\t\t\t<\/div>\n\t\t\t\t<\/div>\n\t\t\t\t<div class=\"elementor-element elementor-element-280a7c5 elementor-widget elementor-widget-spacer\" data-id=\"280a7c5\" data-element_type=\"widget\" data-e-type=\"widget\" data-widget_type=\"spacer.default\">\n\t\t\t\t<div class=\"elementor-widget-container\">\n\t\t\t\t\t\t\t<div class=\"elementor-spacer\">\n\t\t\t<div class=\"elementor-spacer-inner\"><\/div>\n\t\t<\/div>\n\t\t\t\t\t\t<\/div>\n\t\t\t\t<\/div>\n\t\t\t\t\t<\/div>\n\t\t<\/div>\n\t\t\t\t<div class=\"aux-parallax-section elementor-column elementor-col-50 elementor-top-column elementor-element elementor-element-3481fe1\" data-id=\"3481fe1\" data-element_type=\"column\" data-e-type=\"column\">\n\t\t\t<div class=\"elementor-widget-wrap\">\n\t\t\t\t\t\t\t<\/div>\n\t\t<\/div>\n\t\t\t\t\t<\/div>\n\t\t<\/section>\n\t\t\t\t<\/div>\n\t\t","protected":false},"excerpt":{"rendered":"<p>Podesiva visina Potpuno dezinficiraju\u0107i Dostupno samo u crnoj boji Tapecirano umjetnom ko\u017eom koja se lako \u010disti jednostavnim brisanjem<\/p>\n","protected":false},"featured_media":2816,"template":"","meta":[],"product_brand":[],"product_cat":[16],"product_tag":[],"class_list":{"0":"post-2284","1":"product","2":"type-product","3":"status-publish","4":"has-post-thumbnail","6":"product_cat-uncategorized","7":"pa_velicina-mala-o-46-cm-bbas-1013","8":"pa_velicina-srednja-o-54-cm-bbas-1014","10":"first","11":"onbackorder","12":"taxable","13":"shipping-taxable","14":"product-type-variable"},"yoast_head":"<!-- This site is optimized with the Yoast SEO plugin v27.0 - https:\/\/yoast.com\/product\/yoast-seo-wordpress\/ -->\n<title>Zvjezdasta baza za stolicu - BAMBACH<\/title>\n<meta name=\"robots\" content=\"index, follow, max-snippet:-1, max-image-preview:large, max-video-preview:-1\" \/>\n<link rel=\"canonical\" href=\"https:\/\/klaudijadent.com\/webshop\/proizvod\/zvjezdasta-baza-za-stolicu\/\" \/>\n<meta property=\"og:locale\" content=\"hr_HR\" \/>\n<meta property=\"og:type\" content=\"article\" \/>\n<meta property=\"og:title\" content=\"Zvjezdasta baza za stolicu - BAMBACH\" \/>\n<meta property=\"og:description\" content=\"Podesiva visina Potpuno dezinficiraju\u0107i Dostupno samo u crnoj boji Tapecirano umjetnom ko\u017eom koja se lako \u010disti jednostavnim brisanjem\" \/>\n<meta property=\"og:url\" content=\"https:\/\/klaudijadent.com\/webshop\/proizvod\/zvjezdasta-baza-za-stolicu\/\" \/>\n<meta property=\"og:site_name\" content=\"BAMBACH\" \/>\n<meta property=\"article:modified_time\" content=\"2022-05-22T17:05:11+00:00\" \/>\n<meta property=\"og:image\" content=\"https:\/\/klaudijadent.com\/webshop\/wp-content\/uploads\/2020\/11\/Zvjezdasta-baza.jpg\" \/>\n\t<meta property=\"og:image:width\" content=\"765\" \/>\n\t<meta property=\"og:image:height\" content=\"1200\" \/>\n\t<meta property=\"og:image:type\" content=\"image\/jpeg\" \/>\n<meta name=\"twitter:card\" content=\"summary_large_image\" \/>\n<script type=\"application\/ld+json\" class=\"yoast-schema-graph\">{\"@context\":\"https:\/\/schema.org\",\"@graph\":[{\"@type\":\"WebPage\",\"@id\":\"https:\/\/klaudijadent.com\/webshop\/proizvod\/zvjezdasta-baza-za-stolicu\/\",\"url\":\"https:\/\/klaudijadent.com\/webshop\/proizvod\/zvjezdasta-baza-za-stolicu\/\",\"name\":\"Zvjezdasta baza za stolicu - BAMBACH\",\"isPartOf\":{\"@id\":\"https:\/\/klaudijadent.com\/webshop\/#website\"},\"primaryImageOfPage\":{\"@id\":\"https:\/\/klaudijadent.com\/webshop\/proizvod\/zvjezdasta-baza-za-stolicu\/#primaryimage\"},\"image\":{\"@id\":\"https:\/\/klaudijadent.com\/webshop\/proizvod\/zvjezdasta-baza-za-stolicu\/#primaryimage\"},\"thumbnailUrl\":\"https:\/\/klaudijadent.com\/webshop\/wp-content\/uploads\/2020\/11\/Zvjezdasta-baza.jpg\",\"datePublished\":\"2020-11-18T07:07:01+00:00\",\"dateModified\":\"2022-05-22T17:05:11+00:00\",\"breadcrumb\":{\"@id\":\"https:\/\/klaudijadent.com\/webshop\/proizvod\/zvjezdasta-baza-za-stolicu\/#breadcrumb\"},\"inLanguage\":\"hr\",\"potentialAction\":[{\"@type\":\"ReadAction\",\"target\":[\"https:\/\/klaudijadent.com\/webshop\/proizvod\/zvjezdasta-baza-za-stolicu\/\"]}]},{\"@type\":\"ImageObject\",\"inLanguage\":\"hr\",\"@id\":\"https:\/\/klaudijadent.com\/webshop\/proizvod\/zvjezdasta-baza-za-stolicu\/#primaryimage\",\"url\":\"https:\/\/klaudijadent.com\/webshop\/wp-content\/uploads\/2020\/11\/Zvjezdasta-baza.jpg\",\"contentUrl\":\"https:\/\/klaudijadent.com\/webshop\/wp-content\/uploads\/2020\/11\/Zvjezdasta-baza.jpg\",\"width\":765,\"height\":1200},{\"@type\":\"BreadcrumbList\",\"@id\":\"https:\/\/klaudijadent.com\/webshop\/proizvod\/zvjezdasta-baza-za-stolicu\/#breadcrumb\",\"itemListElement\":[{\"@type\":\"ListItem\",\"position\":1,\"name\":\"Home\",\"item\":\"https:\/\/klaudijadent.com\/webshop\/\"},{\"@type\":\"ListItem\",\"position\":2,\"name\":\"proizvodi\",\"item\":\"https:\/\/klaudijadent.com\/webshop\/proizvodi\/\"},{\"@type\":\"ListItem\",\"position\":3,\"name\":\"Zvjezdasta baza za stolicu\"}]},{\"@type\":\"WebSite\",\"@id\":\"https:\/\/klaudijadent.com\/webshop\/#website\",\"url\":\"https:\/\/klaudijadent.com\/webshop\/\",\"name\":\"BAMBACH\",\"description\":\"BAMBACH Ergonomska sjedalica za Va\u0161e zdravlje\",\"publisher\":{\"@id\":\"https:\/\/klaudijadent.com\/webshop\/#organization\"},\"potentialAction\":[{\"@type\":\"SearchAction\",\"target\":{\"@type\":\"EntryPoint\",\"urlTemplate\":\"https:\/\/klaudijadent.com\/webshop\/?s={search_term_string}\"},\"query-input\":{\"@type\":\"PropertyValueSpecification\",\"valueRequired\":true,\"valueName\":\"search_term_string\"}}],\"inLanguage\":\"hr\"},{\"@type\":\"Organization\",\"@id\":\"https:\/\/klaudijadent.com\/webshop\/#organization\",\"name\":\"BAMBACH\",\"url\":\"https:\/\/klaudijadent.com\/webshop\/\",\"logo\":{\"@type\":\"ImageObject\",\"inLanguage\":\"hr\",\"@id\":\"https:\/\/klaudijadent.com\/webshop\/#\/schema\/logo\/image\/\",\"url\":\"https:\/\/klaudijadent.com\/webshop\/wp-content\/uploads\/2020\/11\/cropped-cropped-logo-klaudija-dent.png\",\"contentUrl\":\"https:\/\/klaudijadent.com\/webshop\/wp-content\/uploads\/2020\/11\/cropped-cropped-logo-klaudija-dent.png\",\"width\":150,\"height\":150,\"caption\":\"BAMBACH\"},\"image\":{\"@id\":\"https:\/\/klaudijadent.com\/webshop\/#\/schema\/logo\/image\/\"}}]}<\/script>\n<!-- \/ Yoast SEO plugin. -->","yoast_head_json":{"title":"Zvjezdasta baza za stolicu - BAMBACH","robots":{"index":"index","follow":"follow","max-snippet":"max-snippet:-1","max-image-preview":"max-image-preview:large","max-video-preview":"max-video-preview:-1"},"canonical":"https:\/\/klaudijadent.com\/webshop\/proizvod\/zvjezdasta-baza-za-stolicu\/","og_locale":"hr_HR","og_type":"article","og_title":"Zvjezdasta baza za stolicu - BAMBACH","og_description":"Podesiva visina Potpuno dezinficiraju\u0107i Dostupno samo u crnoj boji Tapecirano umjetnom ko\u017eom koja se lako \u010disti jednostavnim brisanjem","og_url":"https:\/\/klaudijadent.com\/webshop\/proizvod\/zvjezdasta-baza-za-stolicu\/","og_site_name":"BAMBACH","article_modified_time":"2022-05-22T17:05:11+00:00","og_image":[{"width":765,"height":1200,"url":"https:\/\/klaudijadent.com\/webshop\/wp-content\/uploads\/2020\/11\/Zvjezdasta-baza.jpg","type":"image\/jpeg"}],"twitter_card":"summary_large_image","schema":{"@context":"https:\/\/schema.org","@graph":[{"@type":"WebPage","@id":"https:\/\/klaudijadent.com\/webshop\/proizvod\/zvjezdasta-baza-za-stolicu\/","url":"https:\/\/klaudijadent.com\/webshop\/proizvod\/zvjezdasta-baza-za-stolicu\/","name":"Zvjezdasta baza za stolicu - BAMBACH","isPartOf":{"@id":"https:\/\/klaudijadent.com\/webshop\/#website"},"primaryImageOfPage":{"@id":"https:\/\/klaudijadent.com\/webshop\/proizvod\/zvjezdasta-baza-za-stolicu\/#primaryimage"},"image":{"@id":"https:\/\/klaudijadent.com\/webshop\/proizvod\/zvjezdasta-baza-za-stolicu\/#primaryimage"},"thumbnailUrl":"https:\/\/klaudijadent.com\/webshop\/wp-content\/uploads\/2020\/11\/Zvjezdasta-baza.jpg","datePublished":"2020-11-18T07:07:01+00:00","dateModified":"2022-05-22T17:05:11+00:00","breadcrumb":{"@id":"https:\/\/klaudijadent.com\/webshop\/proizvod\/zvjezdasta-baza-za-stolicu\/#breadcrumb"},"inLanguage":"hr","potentialAction":[{"@type":"ReadAction","target":["https:\/\/klaudijadent.com\/webshop\/proizvod\/zvjezdasta-baza-za-stolicu\/"]}]},{"@type":"ImageObject","inLanguage":"hr","@id":"https:\/\/klaudijadent.com\/webshop\/proizvod\/zvjezdasta-baza-za-stolicu\/#primaryimage","url":"https:\/\/klaudijadent.com\/webshop\/wp-content\/uploads\/2020\/11\/Zvjezdasta-baza.jpg","contentUrl":"https:\/\/klaudijadent.com\/webshop\/wp-content\/uploads\/2020\/11\/Zvjezdasta-baza.jpg","width":765,"height":1200},{"@type":"BreadcrumbList","@id":"https:\/\/klaudijadent.com\/webshop\/proizvod\/zvjezdasta-baza-za-stolicu\/#breadcrumb","itemListElement":[{"@type":"ListItem","position":1,"name":"Home","item":"https:\/\/klaudijadent.com\/webshop\/"},{"@type":"ListItem","position":2,"name":"proizvodi","item":"https:\/\/klaudijadent.com\/webshop\/proizvodi\/"},{"@type":"ListItem","position":3,"name":"Zvjezdasta baza za stolicu"}]},{"@type":"WebSite","@id":"https:\/\/klaudijadent.com\/webshop\/#website","url":"https:\/\/klaudijadent.com\/webshop\/","name":"BAMBACH","description":"BAMBACH Ergonomska sjedalica za Va\u0161e zdravlje","publisher":{"@id":"https:\/\/klaudijadent.com\/webshop\/#organization"},"potentialAction":[{"@type":"SearchAction","target":{"@type":"EntryPoint","urlTemplate":"https:\/\/klaudijadent.com\/webshop\/?s={search_term_string}"},"query-input":{"@type":"PropertyValueSpecification","valueRequired":true,"valueName":"search_term_string"}}],"inLanguage":"hr"},{"@type":"Organization","@id":"https:\/\/klaudijadent.com\/webshop\/#organization","name":"BAMBACH","url":"https:\/\/klaudijadent.com\/webshop\/","logo":{"@type":"ImageObject","inLanguage":"hr","@id":"https:\/\/klaudijadent.com\/webshop\/#\/schema\/logo\/image\/","url":"https:\/\/klaudijadent.com\/webshop\/wp-content\/uploads\/2020\/11\/cropped-cropped-logo-klaudija-dent.png","contentUrl":"https:\/\/klaudijadent.com\/webshop\/wp-content\/uploads\/2020\/11\/cropped-cropped-logo-klaudija-dent.png","width":150,"height":150,"caption":"BAMBACH"},"image":{"@id":"https:\/\/klaudijadent.com\/webshop\/#\/schema\/logo\/image\/"}}]}},"_links":{"self":[{"href":"https:\/\/klaudijadent.com\/webshop\/wp-json\/wp\/v2\/product\/2284","targetHints":{"allow":["GET"]}}],"collection":[{"href":"https:\/\/klaudijadent.com\/webshop\/wp-json\/wp\/v2\/product"}],"about":[{"href":"https:\/\/klaudijadent.com\/webshop\/wp-json\/wp\/v2\/types\/product"}],"version-history":[{"count":3,"href":"https:\/\/klaudijadent.com\/webshop\/wp-json\/wp\/v2\/product\/2284\/revisions"}],"predecessor-version":[{"id":2830,"href":"https:\/\/klaudijadent.com\/webshop\/wp-json\/wp\/v2\/product\/2284\/revisions\/2830"}],"wp:featuredmedia":[{"embeddable":true,"href":"https:\/\/klaudijadent.com\/webshop\/wp-json\/wp\/v2\/media\/2816"}],"wp:attachment":[{"href":"https:\/\/klaudijadent.com\/webshop\/wp-json\/wp\/v2\/media?parent=2284"}],"wp:term":[{"taxonomy":"product_brand","embeddable":true,"href":"https:\/\/klaudijadent.com\/webshop\/wp-json\/wp\/v2\/product_brand?post=2284"},{"taxonomy":"product_cat","embeddable":true,"href":"https:\/\/klaudijadent.com\/webshop\/wp-json\/wp\/v2\/product_cat?post=2284"},{"taxonomy":"product_tag","embeddable":true,"href":"https:\/\/klaudijadent.com\/webshop\/wp-json\/wp\/v2\/product_tag?post=2284"}],"curies":[{"name":"wp","href":"https:\/\/api.w.org\/{rel}","templated":true}]}}