{"id":1891,"date":"2020-11-15T14:58:11","date_gmt":"2020-11-15T13:58:11","guid":{"rendered":"https:\/\/klaudijadent.com\/webshop\/?post_type=product&#038;p=1891"},"modified":"2023-05-20T13:01:13","modified_gmt":"2023-05-20T12:01:13","slug":"bambach-op","status":"publish","type":"product","link":"https:\/\/klaudijadent.com\/webshop\/proizvod\/bambach-op\/","title":{"rendered":"Bambach OP"},"content":{"rendered":"\t\t<div data-elementor-type=\"wp-post\" data-elementor-id=\"1891\" class=\"elementor elementor-1891\">\n\t\t\t\t\t\t<section class=\"elementor-section elementor-top-section elementor-element elementor-element-20d20559 elementor-section-boxed elementor-section-height-default elementor-section-height-default\" data-id=\"20d20559\" data-element_type=\"section\" data-e-type=\"section\">\n\t\t\t\t\t\t<div class=\"elementor-container elementor-column-gap-default\">\n\t\t\t\t\t<div class=\"aux-parallax-section elementor-column elementor-col-100 elementor-top-column elementor-element elementor-element-2d18ed9d\" data-id=\"2d18ed9d\" data-element_type=\"column\" data-e-type=\"column\">\n\t\t\t<div class=\"elementor-widget-wrap elementor-element-populated\">\n\t\t\t\t\t\t<div class=\"elementor-element elementor-element-6818f517 elementor-widget elementor-widget-text-editor\" data-id=\"6818f517\" data-element_type=\"widget\" data-e-type=\"widget\" data-widget_type=\"text-editor.default\">\n\t\t\t\t<div class=\"elementor-widget-container\">\n\t\t\t\t\t\t\t\t\t&nbsp;\t\t\t\t\t\t\t\t<\/div>\n\t\t\t\t<\/div>\n\t\t\t\t\t<\/div>\n\t\t<\/div>\n\t\t\t\t\t<\/div>\n\t\t<\/section>\n\t\t\t\t<section class=\"elementor-section elementor-top-section elementor-element elementor-element-5899cbf5 elementor-section-boxed elementor-section-height-default elementor-section-height-default\" data-id=\"5899cbf5\" data-element_type=\"section\" data-e-type=\"section\">\n\t\t\t\t\t\t<div class=\"elementor-container elementor-column-gap-default\">\n\t\t\t\t\t<div class=\"aux-parallax-section elementor-column elementor-col-50 elementor-top-column elementor-element elementor-element-1561e898\" data-id=\"1561e898\" data-element_type=\"column\" data-e-type=\"column\">\n\t\t\t<div class=\"elementor-widget-wrap elementor-element-populated\">\n\t\t\t\t\t\t<div class=\"elementor-element elementor-element-64a2cd03 elementor-icon-list--layout-traditional elementor-list-item-link-full_width elementor-widget elementor-widget-icon-list\" data-id=\"64a2cd03\" data-element_type=\"widget\" data-e-type=\"widget\" data-widget_type=\"icon-list.default\">\n\t\t\t\t<div class=\"elementor-widget-container\">\n\t\t\t\t\t\t\t<ul class=\"elementor-icon-list-items\">\n\t\t\t\t\t\t\t<li class=\"elementor-icon-list-item\">\n\t\t\t\t\t\t\t\t\t\t\t<span class=\"elementor-icon-list-icon\">\n\t\t\t\t\t\t\t<i aria-hidden=\"true\" class=\"auxicon auxicon-primitive-dot\"><\/i>\t\t\t\t\t\t<\/span>\n\t\t\t\t\t\t\t\t\t\t<span class=\"elementor-icon-list-text\">Osigurava zdravo i ugodno dr\u017eanje tijela<\/span>\n\t\t\t\t\t\t\t\t\t<\/li>\n\t\t\t\t\t\t\t\t<li class=\"elementor-icon-list-item\">\n\t\t\t\t\t\t\t\t\t\t\t<span class=\"elementor-icon-list-icon\">\n\t\t\t\t\t\t\t<i aria-hidden=\"true\" class=\"auxicon auxicon-primitive-dot\"><\/i>\t\t\t\t\t\t<\/span>\n\t\t\t\t\t\t\t\t\t\t<span class=\"elementor-icon-list-text\">Za prevenciju i uklanjanje bolova u le\u0111ima<\/span>\n\t\t\t\t\t\t\t\t\t<\/li>\n\t\t\t\t\t\t\t\t<li class=\"elementor-icon-list-item\">\n\t\t\t\t\t\t\t\t\t\t\t<span class=\"elementor-icon-list-icon\">\n\t\t\t\t\t\t\t<i aria-hidden=\"true\" class=\"auxicon auxicon-primitive-dot\"><\/i>\t\t\t\t\t\t<\/span>\n\t\t\t\t\t\t\t\t\t\t<span class=\"elementor-icon-list-text\">U skladu sa higijenskim zahtjevima operacijskih sala<\/span>\n\t\t\t\t\t\t\t\t\t<\/li>\n\t\t\t\t\t\t\t\t<li class=\"elementor-icon-list-item\">\n\t\t\t\t\t\t\t\t\t\t\t<span class=\"elementor-icon-list-icon\">\n\t\t\t\t\t\t\t<i aria-hidden=\"true\" class=\"auxicon auxicon-primitive-dot\"><\/i>\t\t\t\t\t\t<\/span>\n\t\t\t\t\t\t\t\t\t\t<span class=\"elementor-icon-list-text\">Visina se pode\u0161ava higijenski, bez dodira rukama, stopalom<\/span>\n\t\t\t\t\t\t\t\t\t<\/li>\n\t\t\t\t\t\t<\/ul>\n\t\t\t\t\t\t<\/div>\n\t\t\t\t<\/div>\n\t\t\t\t\t<\/div>\n\t\t<\/div>\n\t\t\t\t<div class=\"aux-parallax-section elementor-column elementor-col-50 elementor-top-column elementor-element elementor-element-159839c9\" data-id=\"159839c9\" data-element_type=\"column\" data-e-type=\"column\">\n\t\t\t<div class=\"elementor-widget-wrap elementor-element-populated\">\n\t\t\t\t\t\t<div class=\"elementor-element elementor-element-fefe723 elementor-icon-list--layout-traditional elementor-list-item-link-full_width elementor-widget elementor-widget-icon-list\" data-id=\"fefe723\" data-element_type=\"widget\" data-e-type=\"widget\" data-widget_type=\"icon-list.default\">\n\t\t\t\t<div class=\"elementor-widget-container\">\n\t\t\t\t\t\t\t<ul class=\"elementor-icon-list-items\">\n\t\t\t\t\t\t\t<li class=\"elementor-icon-list-item\">\n\t\t\t\t\t\t\t\t\t\t\t<span class=\"elementor-icon-list-icon\">\n\t\t\t\t\t\t\t<i aria-hidden=\"true\" class=\"auxicon auxicon-primitive-dot\"><\/i>\t\t\t\t\t\t<\/span>\n\t\t\t\t\t\t\t\t\t\t<span class=\"elementor-icon-list-text\">Polietilensko sjedalo <\/span>\n\t\t\t\t\t\t\t\t\t<\/li>\n\t\t\t\t\t\t\t\t<li class=\"elementor-icon-list-item\">\n\t\t\t\t\t\t\t\t\t\t\t<span class=\"elementor-icon-list-icon\">\n\t\t\t\t\t\t\t<i aria-hidden=\"true\" class=\"auxicon auxicon-primitive-dot\"><\/i>\t\t\t\t\t\t<\/span>\n\t\t\t\t\t\t\t\t\t\t<span class=\"elementor-icon-list-text\">Kut nagiba sjedala se mo\u017ee podesiti<\/span>\n\t\t\t\t\t\t\t\t\t<\/li>\n\t\t\t\t\t\t\t\t<li class=\"elementor-icon-list-item\">\n\t\t\t\t\t\t\t\t\t\t\t<span class=\"elementor-icon-list-icon\">\n\t\t\t\t\t\t\t<i aria-hidden=\"true\" class=\"auxicon auxicon-primitive-dot\"><\/i>\t\t\t\t\t\t<\/span>\n\t\t\t\t\t\t\t\t\t\t<span class=\"elementor-icon-list-text\">Mo\u017ee se dezinfikovati u potpunsti<\/span>\n\t\t\t\t\t\t\t\t\t<\/li>\n\t\t\t\t\t\t\t\t<li class=\"elementor-icon-list-item\">\n\t\t\t\t\t\t\t\t\t\t\t<span class=\"elementor-icon-list-icon\">\n\t\t\t\t\t\t\t<i aria-hidden=\"true\" class=\"auxicon auxicon-primitive-dot\"><\/i>\t\t\t\t\t\t<\/span>\n\t\t\t\t\t\t\t\t\t\t<span class=\"elementor-icon-list-text\">Nosa\u010d sjedala, stupac i postolje izra\u0111eni od nehr\u0111aju\u0107eg \u010delika<\/span>\n\t\t\t\t\t\t\t\t\t<\/li>\n\t\t\t\t\t\t<\/ul>\n\t\t\t\t\t\t<\/div>\n\t\t\t\t<\/div>\n\t\t\t\t\t<\/div>\n\t\t<\/div>\n\t\t\t\t\t<\/div>\n\t\t<\/section>\n\t\t\t\t<\/div>\n\t\t","protected":false},"excerpt":{"rendered":"<p>Ergonomska sjedalica<br \/>\nza operativne zahvate<\/p>\n<p>&nbsp;<\/p>\n","protected":false},"featured_media":1971,"template":"","meta":[],"product_brand":[],"product_cat":[207],"product_tag":[],"class_list":{"0":"post-1891","1":"product","2":"type-product","3":"status-publish","4":"has-post-thumbnail","6":"product_cat-vrsta-sjedala","8":"first","9":"instock","10":"taxable","11":"shipping-taxable","12":"purchasable","13":"product-type-simple"},"yoast_head":"<!-- This site is optimized with the Yoast SEO plugin v27.0 - https:\/\/yoast.com\/product\/yoast-seo-wordpress\/ -->\n<title>Bambach OP - BAMBACH<\/title>\n<meta name=\"robots\" content=\"index, follow, max-snippet:-1, max-image-preview:large, max-video-preview:-1\" \/>\n<link rel=\"canonical\" href=\"https:\/\/klaudijadent.com\/webshop\/proizvod\/bambach-op\/\" \/>\n<meta property=\"og:locale\" content=\"hr_HR\" \/>\n<meta property=\"og:type\" content=\"article\" \/>\n<meta property=\"og:title\" content=\"Bambach OP - BAMBACH\" \/>\n<meta property=\"og:description\" content=\"Ergonomska sjedalica za operativne zahvate  &nbsp;\" \/>\n<meta property=\"og:url\" content=\"https:\/\/klaudijadent.com\/webshop\/proizvod\/bambach-op\/\" \/>\n<meta property=\"og:site_name\" content=\"BAMBACH\" \/>\n<meta property=\"article:modified_time\" content=\"2023-05-20T12:01:13+00:00\" \/>\n<meta property=\"og:image\" content=\"https:\/\/klaudijadent.com\/webshop\/wp-content\/uploads\/2020\/11\/Bambach-OP.jpg\" \/>\n\t<meta property=\"og:image:width\" content=\"765\" \/>\n\t<meta property=\"og:image:height\" content=\"1200\" \/>\n\t<meta property=\"og:image:type\" content=\"image\/jpeg\" \/>\n<meta name=\"twitter:card\" content=\"summary_large_image\" \/>\n<meta name=\"twitter:label1\" content=\"Procijenjeno vrijeme \u010ditanja\" \/>\n\t<meta name=\"twitter:data1\" content=\"1 minuta\" \/>\n<script type=\"application\/ld+json\" class=\"yoast-schema-graph\">{\"@context\":\"https:\/\/schema.org\",\"@graph\":[{\"@type\":\"WebPage\",\"@id\":\"https:\/\/klaudijadent.com\/webshop\/proizvod\/bambach-op\/\",\"url\":\"https:\/\/klaudijadent.com\/webshop\/proizvod\/bambach-op\/\",\"name\":\"Bambach OP - BAMBACH\",\"isPartOf\":{\"@id\":\"https:\/\/klaudijadent.com\/webshop\/#website\"},\"primaryImageOfPage\":{\"@id\":\"https:\/\/klaudijadent.com\/webshop\/proizvod\/bambach-op\/#primaryimage\"},\"image\":{\"@id\":\"https:\/\/klaudijadent.com\/webshop\/proizvod\/bambach-op\/#primaryimage\"},\"thumbnailUrl\":\"https:\/\/klaudijadent.com\/webshop\/wp-content\/uploads\/2020\/11\/Bambach-OP.jpg\",\"datePublished\":\"2020-11-15T13:58:11+00:00\",\"dateModified\":\"2023-05-20T12:01:13+00:00\",\"breadcrumb\":{\"@id\":\"https:\/\/klaudijadent.com\/webshop\/proizvod\/bambach-op\/#breadcrumb\"},\"inLanguage\":\"hr\",\"potentialAction\":[{\"@type\":\"ReadAction\",\"target\":[\"https:\/\/klaudijadent.com\/webshop\/proizvod\/bambach-op\/\"]}]},{\"@type\":\"ImageObject\",\"inLanguage\":\"hr\",\"@id\":\"https:\/\/klaudijadent.com\/webshop\/proizvod\/bambach-op\/#primaryimage\",\"url\":\"https:\/\/klaudijadent.com\/webshop\/wp-content\/uploads\/2020\/11\/Bambach-OP.jpg\",\"contentUrl\":\"https:\/\/klaudijadent.com\/webshop\/wp-content\/uploads\/2020\/11\/Bambach-OP.jpg\",\"width\":765,\"height\":1200},{\"@type\":\"BreadcrumbList\",\"@id\":\"https:\/\/klaudijadent.com\/webshop\/proizvod\/bambach-op\/#breadcrumb\",\"itemListElement\":[{\"@type\":\"ListItem\",\"position\":1,\"name\":\"Home\",\"item\":\"https:\/\/klaudijadent.com\/webshop\/\"},{\"@type\":\"ListItem\",\"position\":2,\"name\":\"proizvodi\",\"item\":\"https:\/\/klaudijadent.com\/webshop\/proizvodi\/\"},{\"@type\":\"ListItem\",\"position\":3,\"name\":\"Bambach OP\"}]},{\"@type\":\"WebSite\",\"@id\":\"https:\/\/klaudijadent.com\/webshop\/#website\",\"url\":\"https:\/\/klaudijadent.com\/webshop\/\",\"name\":\"BAMBACH\",\"description\":\"BAMBACH Ergonomska sjedalica za Va\u0161e zdravlje\",\"publisher\":{\"@id\":\"https:\/\/klaudijadent.com\/webshop\/#organization\"},\"potentialAction\":[{\"@type\":\"SearchAction\",\"target\":{\"@type\":\"EntryPoint\",\"urlTemplate\":\"https:\/\/klaudijadent.com\/webshop\/?s={search_term_string}\"},\"query-input\":{\"@type\":\"PropertyValueSpecification\",\"valueRequired\":true,\"valueName\":\"search_term_string\"}}],\"inLanguage\":\"hr\"},{\"@type\":\"Organization\",\"@id\":\"https:\/\/klaudijadent.com\/webshop\/#organization\",\"name\":\"BAMBACH\",\"url\":\"https:\/\/klaudijadent.com\/webshop\/\",\"logo\":{\"@type\":\"ImageObject\",\"inLanguage\":\"hr\",\"@id\":\"https:\/\/klaudijadent.com\/webshop\/#\/schema\/logo\/image\/\",\"url\":\"https:\/\/klaudijadent.com\/webshop\/wp-content\/uploads\/2020\/11\/cropped-cropped-logo-klaudija-dent.png\",\"contentUrl\":\"https:\/\/klaudijadent.com\/webshop\/wp-content\/uploads\/2020\/11\/cropped-cropped-logo-klaudija-dent.png\",\"width\":150,\"height\":150,\"caption\":\"BAMBACH\"},\"image\":{\"@id\":\"https:\/\/klaudijadent.com\/webshop\/#\/schema\/logo\/image\/\"}}]}<\/script>\n<!-- \/ Yoast SEO plugin. -->","yoast_head_json":{"title":"Bambach OP - BAMBACH","robots":{"index":"index","follow":"follow","max-snippet":"max-snippet:-1","max-image-preview":"max-image-preview:large","max-video-preview":"max-video-preview:-1"},"canonical":"https:\/\/klaudijadent.com\/webshop\/proizvod\/bambach-op\/","og_locale":"hr_HR","og_type":"article","og_title":"Bambach OP - BAMBACH","og_description":"Ergonomska sjedalica za operativne zahvate  &nbsp;","og_url":"https:\/\/klaudijadent.com\/webshop\/proizvod\/bambach-op\/","og_site_name":"BAMBACH","article_modified_time":"2023-05-20T12:01:13+00:00","og_image":[{"width":765,"height":1200,"url":"https:\/\/klaudijadent.com\/webshop\/wp-content\/uploads\/2020\/11\/Bambach-OP.jpg","type":"image\/jpeg"}],"twitter_card":"summary_large_image","twitter_misc":{"Procijenjeno vrijeme \u010ditanja":"1 minuta"},"schema":{"@context":"https:\/\/schema.org","@graph":[{"@type":"WebPage","@id":"https:\/\/klaudijadent.com\/webshop\/proizvod\/bambach-op\/","url":"https:\/\/klaudijadent.com\/webshop\/proizvod\/bambach-op\/","name":"Bambach OP - BAMBACH","isPartOf":{"@id":"https:\/\/klaudijadent.com\/webshop\/#website"},"primaryImageOfPage":{"@id":"https:\/\/klaudijadent.com\/webshop\/proizvod\/bambach-op\/#primaryimage"},"image":{"@id":"https:\/\/klaudijadent.com\/webshop\/proizvod\/bambach-op\/#primaryimage"},"thumbnailUrl":"https:\/\/klaudijadent.com\/webshop\/wp-content\/uploads\/2020\/11\/Bambach-OP.jpg","datePublished":"2020-11-15T13:58:11+00:00","dateModified":"2023-05-20T12:01:13+00:00","breadcrumb":{"@id":"https:\/\/klaudijadent.com\/webshop\/proizvod\/bambach-op\/#breadcrumb"},"inLanguage":"hr","potentialAction":[{"@type":"ReadAction","target":["https:\/\/klaudijadent.com\/webshop\/proizvod\/bambach-op\/"]}]},{"@type":"ImageObject","inLanguage":"hr","@id":"https:\/\/klaudijadent.com\/webshop\/proizvod\/bambach-op\/#primaryimage","url":"https:\/\/klaudijadent.com\/webshop\/wp-content\/uploads\/2020\/11\/Bambach-OP.jpg","contentUrl":"https:\/\/klaudijadent.com\/webshop\/wp-content\/uploads\/2020\/11\/Bambach-OP.jpg","width":765,"height":1200},{"@type":"BreadcrumbList","@id":"https:\/\/klaudijadent.com\/webshop\/proizvod\/bambach-op\/#breadcrumb","itemListElement":[{"@type":"ListItem","position":1,"name":"Home","item":"https:\/\/klaudijadent.com\/webshop\/"},{"@type":"ListItem","position":2,"name":"proizvodi","item":"https:\/\/klaudijadent.com\/webshop\/proizvodi\/"},{"@type":"ListItem","position":3,"name":"Bambach OP"}]},{"@type":"WebSite","@id":"https:\/\/klaudijadent.com\/webshop\/#website","url":"https:\/\/klaudijadent.com\/webshop\/","name":"BAMBACH","description":"BAMBACH Ergonomska sjedalica za Va\u0161e zdravlje","publisher":{"@id":"https:\/\/klaudijadent.com\/webshop\/#organization"},"potentialAction":[{"@type":"SearchAction","target":{"@type":"EntryPoint","urlTemplate":"https:\/\/klaudijadent.com\/webshop\/?s={search_term_string}"},"query-input":{"@type":"PropertyValueSpecification","valueRequired":true,"valueName":"search_term_string"}}],"inLanguage":"hr"},{"@type":"Organization","@id":"https:\/\/klaudijadent.com\/webshop\/#organization","name":"BAMBACH","url":"https:\/\/klaudijadent.com\/webshop\/","logo":{"@type":"ImageObject","inLanguage":"hr","@id":"https:\/\/klaudijadent.com\/webshop\/#\/schema\/logo\/image\/","url":"https:\/\/klaudijadent.com\/webshop\/wp-content\/uploads\/2020\/11\/cropped-cropped-logo-klaudija-dent.png","contentUrl":"https:\/\/klaudijadent.com\/webshop\/wp-content\/uploads\/2020\/11\/cropped-cropped-logo-klaudija-dent.png","width":150,"height":150,"caption":"BAMBACH"},"image":{"@id":"https:\/\/klaudijadent.com\/webshop\/#\/schema\/logo\/image\/"}}]}},"_links":{"self":[{"href":"https:\/\/klaudijadent.com\/webshop\/wp-json\/wp\/v2\/product\/1891","targetHints":{"allow":["GET"]}}],"collection":[{"href":"https:\/\/klaudijadent.com\/webshop\/wp-json\/wp\/v2\/product"}],"about":[{"href":"https:\/\/klaudijadent.com\/webshop\/wp-json\/wp\/v2\/types\/product"}],"version-history":[{"count":41,"href":"https:\/\/klaudijadent.com\/webshop\/wp-json\/wp\/v2\/product\/1891\/revisions"}],"predecessor-version":[{"id":4689,"href":"https:\/\/klaudijadent.com\/webshop\/wp-json\/wp\/v2\/product\/1891\/revisions\/4689"}],"wp:featuredmedia":[{"embeddable":true,"href":"https:\/\/klaudijadent.com\/webshop\/wp-json\/wp\/v2\/media\/1971"}],"wp:attachment":[{"href":"https:\/\/klaudijadent.com\/webshop\/wp-json\/wp\/v2\/media?parent=1891"}],"wp:term":[{"taxonomy":"product_brand","embeddable":true,"href":"https:\/\/klaudijadent.com\/webshop\/wp-json\/wp\/v2\/product_brand?post=1891"},{"taxonomy":"product_cat","embeddable":true,"href":"https:\/\/klaudijadent.com\/webshop\/wp-json\/wp\/v2\/product_cat?post=1891"},{"taxonomy":"product_tag","embeddable":true,"href":"https:\/\/klaudijadent.com\/webshop\/wp-json\/wp\/v2\/product_tag?post=1891"}],"curies":[{"name":"wp","href":"https:\/\/api.w.org\/{rel}","templated":true}]}}