{"id":3093,"date":"2020-11-25T13:10:03","date_gmt":"2020-11-25T12:10:03","guid":{"rendered":"https:\/\/klaudijadent.com\/webshop\/?page_id=3093"},"modified":"2025-04-02T20:32:35","modified_gmt":"2025-04-02T19:32:35","slug":"konfigurator","status":"publish","type":"page","link":"https:\/\/klaudijadent.com\/webshop\/konfigurator\/","title":{"rendered":"Kreirajte svoju idealanu Bambach sjedalicu"},"content":{"rendered":"\t\t<div data-elementor-type=\"wp-page\" data-elementor-id=\"3093\" class=\"elementor elementor-3093\">\n\t\t\t\t\t\t<section class=\"elementor-section elementor-top-section elementor-element elementor-element-42973619 elementor-section-boxed elementor-section-height-default elementor-section-height-default\" data-id=\"42973619\" data-element_type=\"section\" data-e-type=\"section\">\n\t\t\t\t\t\t<div class=\"elementor-container elementor-column-gap-default\">\n\t\t\t\t\t<div class=\"aux-parallax-section elementor-column elementor-col-100 elementor-top-column elementor-element elementor-element-386daff6\" data-id=\"386daff6\" data-element_type=\"column\" data-e-type=\"column\">\n\t\t\t<div class=\"elementor-widget-wrap elementor-element-populated\">\n\t\t\t\t\t\t<div class=\"elementor-element elementor-element-4632c3e elementor-widget elementor-widget-text-editor\" data-id=\"4632c3e\" data-element_type=\"widget\" data-e-type=\"widget\" data-widget_type=\"text-editor.default\">\n\t\t\t\t<div class=\"elementor-widget-container\">\n\t\t\t\t\t\t\t\t\t<p>PRIKAZANE CJENE SU BEZ PDV-a<\/p>\t\t\t\t\t\t\t\t<\/div>\n\t\t\t\t<\/div>\n\t\t\t\t<div class=\"elementor-element elementor-element-3d1f2409 elementor-hidden-tablet elementor-hidden-phone aux-shpe-type-circle elementor-widget elementor-widget-aux_simple_shape\" data-id=\"3d1f2409\" data-element_type=\"widget\" data-e-type=\"widget\" data-widget_type=\"aux_simple_shape.default\">\n\t\t\t\t<div class=\"elementor-widget-container\">\n\t\t\t\t\t    <div class=\"aux-widget-container aux-simple-shape-container\">\n        <div class=\"aux-widget-container-inner\">\n            <div class=\"aux-the-shape\"><\/div>\n        <\/div>\n    <\/div>\n    \t\t\t\t<\/div>\n\t\t\t\t<\/div>\n\t\t\t\t\t<\/div>\n\t\t<\/div>\n\t\t\t\t\t<\/div>\n\t\t<\/section>\n\t\t\t\t<section class=\"elementor-section elementor-top-section elementor-element elementor-element-7d4c7fd elementor-section-full_width elementor-section-height-default elementor-section-height-default\" data-id=\"7d4c7fd\" data-element_type=\"section\" data-e-type=\"section\">\n\t\t\t\t\t\t<div class=\"elementor-container elementor-column-gap-default\">\n\t\t\t\t\t<div class=\"aux-parallax-section elementor-column elementor-col-33 elementor-top-column elementor-element elementor-element-4675f5e\" data-id=\"4675f5e\" data-element_type=\"column\" data-e-type=\"column\">\n\t\t\t<div class=\"elementor-widget-wrap\">\n\t\t\t\t\t\t\t<\/div>\n\t\t<\/div>\n\t\t\t\t<div class=\"aux-parallax-section elementor-column elementor-col-33 elementor-top-column elementor-element elementor-element-135d002\" data-id=\"135d002\" data-element_type=\"column\" data-e-type=\"column\">\n\t\t\t<div class=\"elementor-widget-wrap elementor-element-populated\">\n\t\t\t\t\t\t\t<\/div>\n\t\t<\/div>\n\t\t\t\t<div class=\"aux-parallax-section elementor-column elementor-col-33 elementor-top-column elementor-element elementor-element-16cba3b\" data-id=\"16cba3b\" data-element_type=\"column\" data-e-type=\"column\">\n\t\t\t<div class=\"elementor-widget-wrap\">\n\t\t\t\t\t\t\t<\/div>\n\t\t<\/div>\n\t\t\t\t\t<\/div>\n\t\t<\/section>\n\t\t\t\t<section class=\"elementor-section elementor-top-section elementor-element elementor-element-13aac53 elementor-section-boxed elementor-section-height-default elementor-section-height-default\" data-id=\"13aac53\" data-element_type=\"section\" data-e-type=\"section\">\n\t\t\t\t\t\t<div class=\"elementor-container elementor-column-gap-default\">\n\t\t\t\t\t<div class=\"aux-parallax-section elementor-column elementor-col-50 elementor-top-column elementor-element elementor-element-745963c\" data-id=\"745963c\" data-element_type=\"column\" data-e-type=\"column\">\n\t\t\t<div class=\"elementor-widget-wrap\">\n\t\t\t\t\t\t\t<\/div>\n\t\t<\/div>\n\t\t\t\t<div class=\"aux-parallax-section elementor-column elementor-col-50 elementor-top-column elementor-element elementor-element-4783d04\" data-id=\"4783d04\" data-element_type=\"column\" data-e-type=\"column\">\n\t\t\t<div class=\"elementor-widget-wrap elementor-element-populated\">\n\t\t\t\t\t\t\t<\/div>\n\t\t<\/div>\n\t\t\t\t\t<\/div>\n\t\t<\/section>\n\t\t\t\t<\/div>\n\t\t","protected":false},"excerpt":{"rendered":"<p>Osim oblika sedla, mo\u017eete birati boju, visinu, vrstu kota\u010da, naslon za ruku ili le\u0111a&#8230;<br \/>\nKreirajte svoju idealanu Bambach sjedalicu u na\u0161em konfiguratoru!<\/p>\n","protected":false},"author":1,"featured_media":0,"parent":0,"menu_order":0,"comment_status":"closed","ping_status":"closed","template":"","meta":{"footnotes":""},"class_list":["post-3093","page","type-page","status-publish","hentry"],"yoast_head":"<!-- This site is optimized with the Yoast SEO plugin v27.0 - https:\/\/yoast.com\/product\/yoast-seo-wordpress\/ -->\n<title>Kreirajte svoju idealanu Bambach sjedalicu - Konfigurator<\/title>\n<meta name=\"description\" content=\"Konfigurator Vam omogu\u0107ava da kreirate svoju idealanu Bambach sjedalicu! Odaberite boju, visinu, vrstu kota\u010da, naslon za ruku ili le\u0111a...\" \/>\n<meta name=\"robots\" content=\"index, follow, max-snippet:-1, max-image-preview:large, max-video-preview:-1\" \/>\n<link rel=\"canonical\" href=\"https:\/\/klaudijadent.com\/webshop\/konfigurator\/\" \/>\n<meta property=\"og:locale\" content=\"hr_HR\" \/>\n<meta property=\"og:type\" content=\"article\" \/>\n<meta property=\"og:title\" content=\"Kreirajte svoju idealanu Bambach sjedalicu!\" \/>\n<meta property=\"og:description\" content=\"Odaberite oblik sedla, materijal, boju, dodatke i kreirajte svoju idealnu stolicu u nekoliko koraka.\" \/>\n<meta property=\"og:url\" content=\"https:\/\/klaudijadent.com\/webshop\/konfigurator\/\" \/>\n<meta property=\"og:site_name\" content=\"BAMBACH\" \/>\n<meta property=\"article:modified_time\" content=\"2025-04-02T19:32:35+00:00\" \/>\n<meta property=\"og:image\" content=\"https:\/\/klaudijadent.com\/webshop\/wp-content\/uploads\/2020\/12\/Bambach.jpg\" \/>\n\t<meta property=\"og:image:width\" content=\"2000\" \/>\n\t<meta property=\"og:image:height\" content=\"860\" \/>\n\t<meta property=\"og:image:type\" content=\"image\/jpeg\" \/>\n<meta name=\"twitter:card\" content=\"summary_large_image\" \/>\n<meta name=\"twitter:label1\" content=\"Procijenjeno vrijeme \u010ditanja\" \/>\n\t<meta name=\"twitter:data1\" content=\"4 minute\" \/>\n<script type=\"application\/ld+json\" class=\"yoast-schema-graph\">{\"@context\":\"https:\/\/schema.org\",\"@graph\":[{\"@type\":\"WebPage\",\"@id\":\"https:\/\/klaudijadent.com\/webshop\/konfigurator\/\",\"url\":\"https:\/\/klaudijadent.com\/webshop\/konfigurator\/\",\"name\":\"Kreirajte svoju idealanu Bambach sjedalicu - Konfigurator\",\"isPartOf\":{\"@id\":\"https:\/\/klaudijadent.com\/webshop\/#website\"},\"primaryImageOfPage\":{\"@id\":\"https:\/\/klaudijadent.com\/webshop\/konfigurator\/#primaryimage\"},\"image\":{\"@id\":\"https:\/\/klaudijadent.com\/webshop\/konfigurator\/#primaryimage\"},\"thumbnailUrl\":\"https:\/\/klaudijadent.com\/webshop\/wp-content\/uploads\/2020\/11\/standard-seat-e1743614533891.jpg\",\"datePublished\":\"2020-11-25T12:10:03+00:00\",\"dateModified\":\"2025-04-02T19:32:35+00:00\",\"description\":\"Konfigurator Vam omogu\u0107ava da kreirate svoju idealanu Bambach sjedalicu! Odaberite boju, visinu, vrstu kota\u010da, naslon za ruku ili le\u0111a...\",\"breadcrumb\":{\"@id\":\"https:\/\/klaudijadent.com\/webshop\/konfigurator\/#breadcrumb\"},\"inLanguage\":\"hr\",\"potentialAction\":[{\"@type\":\"ReadAction\",\"target\":[\"https:\/\/klaudijadent.com\/webshop\/konfigurator\/\"]}]},{\"@type\":\"ImageObject\",\"inLanguage\":\"hr\",\"@id\":\"https:\/\/klaudijadent.com\/webshop\/konfigurator\/#primaryimage\",\"url\":\"https:\/\/klaudijadent.com\/webshop\/wp-content\/uploads\/2020\/11\/standard-seat-e1743614533891.jpg\",\"contentUrl\":\"https:\/\/klaudijadent.com\/webshop\/wp-content\/uploads\/2020\/11\/standard-seat-e1743614533891.jpg\",\"width\":250,\"height\":250},{\"@type\":\"BreadcrumbList\",\"@id\":\"https:\/\/klaudijadent.com\/webshop\/konfigurator\/#breadcrumb\",\"itemListElement\":[{\"@type\":\"ListItem\",\"position\":1,\"name\":\"Home\",\"item\":\"https:\/\/klaudijadent.com\/webshop\/\"},{\"@type\":\"ListItem\",\"position\":2,\"name\":\"Kreirajte svoju idealanu Bambach sjedalicu\"}]},{\"@type\":\"WebSite\",\"@id\":\"https:\/\/klaudijadent.com\/webshop\/#website\",\"url\":\"https:\/\/klaudijadent.com\/webshop\/\",\"name\":\"BAMBACH\",\"description\":\"BAMBACH Ergonomska sjedalica za Va\u0161e zdravlje\",\"publisher\":{\"@id\":\"https:\/\/klaudijadent.com\/webshop\/#organization\"},\"potentialAction\":[{\"@type\":\"SearchAction\",\"target\":{\"@type\":\"EntryPoint\",\"urlTemplate\":\"https:\/\/klaudijadent.com\/webshop\/?s={search_term_string}\"},\"query-input\":{\"@type\":\"PropertyValueSpecification\",\"valueRequired\":true,\"valueName\":\"search_term_string\"}}],\"inLanguage\":\"hr\"},{\"@type\":\"Organization\",\"@id\":\"https:\/\/klaudijadent.com\/webshop\/#organization\",\"name\":\"BAMBACH\",\"url\":\"https:\/\/klaudijadent.com\/webshop\/\",\"logo\":{\"@type\":\"ImageObject\",\"inLanguage\":\"hr\",\"@id\":\"https:\/\/klaudijadent.com\/webshop\/#\/schema\/logo\/image\/\",\"url\":\"https:\/\/klaudijadent.com\/webshop\/wp-content\/uploads\/2020\/11\/cropped-cropped-logo-klaudija-dent.png\",\"contentUrl\":\"https:\/\/klaudijadent.com\/webshop\/wp-content\/uploads\/2020\/11\/cropped-cropped-logo-klaudija-dent.png\",\"width\":150,\"height\":150,\"caption\":\"BAMBACH\"},\"image\":{\"@id\":\"https:\/\/klaudijadent.com\/webshop\/#\/schema\/logo\/image\/\"}}]}<\/script>\n<!-- \/ Yoast SEO plugin. -->","yoast_head_json":{"title":"Kreirajte svoju idealanu Bambach sjedalicu - Konfigurator","description":"Konfigurator Vam omogu\u0107ava da kreirate svoju idealanu Bambach sjedalicu! Odaberite boju, visinu, vrstu kota\u010da, naslon za ruku ili le\u0111a...","robots":{"index":"index","follow":"follow","max-snippet":"max-snippet:-1","max-image-preview":"max-image-preview:large","max-video-preview":"max-video-preview:-1"},"canonical":"https:\/\/klaudijadent.com\/webshop\/konfigurator\/","og_locale":"hr_HR","og_type":"article","og_title":"Kreirajte svoju idealanu Bambach sjedalicu!","og_description":"Odaberite oblik sedla, materijal, boju, dodatke i kreirajte svoju idealnu stolicu u nekoliko koraka.","og_url":"https:\/\/klaudijadent.com\/webshop\/konfigurator\/","og_site_name":"BAMBACH","article_modified_time":"2025-04-02T19:32:35+00:00","og_image":[{"width":2000,"height":860,"url":"https:\/\/klaudijadent.com\/webshop\/wp-content\/uploads\/2020\/12\/Bambach.jpg","type":"image\/jpeg"}],"twitter_card":"summary_large_image","twitter_misc":{"Procijenjeno vrijeme \u010ditanja":"4 minute"},"schema":{"@context":"https:\/\/schema.org","@graph":[{"@type":"WebPage","@id":"https:\/\/klaudijadent.com\/webshop\/konfigurator\/","url":"https:\/\/klaudijadent.com\/webshop\/konfigurator\/","name":"Kreirajte svoju idealanu Bambach sjedalicu - Konfigurator","isPartOf":{"@id":"https:\/\/klaudijadent.com\/webshop\/#website"},"primaryImageOfPage":{"@id":"https:\/\/klaudijadent.com\/webshop\/konfigurator\/#primaryimage"},"image":{"@id":"https:\/\/klaudijadent.com\/webshop\/konfigurator\/#primaryimage"},"thumbnailUrl":"https:\/\/klaudijadent.com\/webshop\/wp-content\/uploads\/2020\/11\/standard-seat-e1743614533891.jpg","datePublished":"2020-11-25T12:10:03+00:00","dateModified":"2025-04-02T19:32:35+00:00","description":"Konfigurator Vam omogu\u0107ava da kreirate svoju idealanu Bambach sjedalicu! Odaberite boju, visinu, vrstu kota\u010da, naslon za ruku ili le\u0111a...","breadcrumb":{"@id":"https:\/\/klaudijadent.com\/webshop\/konfigurator\/#breadcrumb"},"inLanguage":"hr","potentialAction":[{"@type":"ReadAction","target":["https:\/\/klaudijadent.com\/webshop\/konfigurator\/"]}]},{"@type":"ImageObject","inLanguage":"hr","@id":"https:\/\/klaudijadent.com\/webshop\/konfigurator\/#primaryimage","url":"https:\/\/klaudijadent.com\/webshop\/wp-content\/uploads\/2020\/11\/standard-seat-e1743614533891.jpg","contentUrl":"https:\/\/klaudijadent.com\/webshop\/wp-content\/uploads\/2020\/11\/standard-seat-e1743614533891.jpg","width":250,"height":250},{"@type":"BreadcrumbList","@id":"https:\/\/klaudijadent.com\/webshop\/konfigurator\/#breadcrumb","itemListElement":[{"@type":"ListItem","position":1,"name":"Home","item":"https:\/\/klaudijadent.com\/webshop\/"},{"@type":"ListItem","position":2,"name":"Kreirajte svoju idealanu Bambach sjedalicu"}]},{"@type":"WebSite","@id":"https:\/\/klaudijadent.com\/webshop\/#website","url":"https:\/\/klaudijadent.com\/webshop\/","name":"BAMBACH","description":"BAMBACH Ergonomska sjedalica za Va\u0161e zdravlje","publisher":{"@id":"https:\/\/klaudijadent.com\/webshop\/#organization"},"potentialAction":[{"@type":"SearchAction","target":{"@type":"EntryPoint","urlTemplate":"https:\/\/klaudijadent.com\/webshop\/?s={search_term_string}"},"query-input":{"@type":"PropertyValueSpecification","valueRequired":true,"valueName":"search_term_string"}}],"inLanguage":"hr"},{"@type":"Organization","@id":"https:\/\/klaudijadent.com\/webshop\/#organization","name":"BAMBACH","url":"https:\/\/klaudijadent.com\/webshop\/","logo":{"@type":"ImageObject","inLanguage":"hr","@id":"https:\/\/klaudijadent.com\/webshop\/#\/schema\/logo\/image\/","url":"https:\/\/klaudijadent.com\/webshop\/wp-content\/uploads\/2020\/11\/cropped-cropped-logo-klaudija-dent.png","contentUrl":"https:\/\/klaudijadent.com\/webshop\/wp-content\/uploads\/2020\/11\/cropped-cropped-logo-klaudija-dent.png","width":150,"height":150,"caption":"BAMBACH"},"image":{"@id":"https:\/\/klaudijadent.com\/webshop\/#\/schema\/logo\/image\/"}}]}},"_links":{"self":[{"href":"https:\/\/klaudijadent.com\/webshop\/wp-json\/wp\/v2\/pages\/3093","targetHints":{"allow":["GET"]}}],"collection":[{"href":"https:\/\/klaudijadent.com\/webshop\/wp-json\/wp\/v2\/pages"}],"about":[{"href":"https:\/\/klaudijadent.com\/webshop\/wp-json\/wp\/v2\/types\/page"}],"author":[{"embeddable":true,"href":"https:\/\/klaudijadent.com\/webshop\/wp-json\/wp\/v2\/users\/1"}],"replies":[{"embeddable":true,"href":"https:\/\/klaudijadent.com\/webshop\/wp-json\/wp\/v2\/comments?post=3093"}],"version-history":[{"count":95,"href":"https:\/\/klaudijadent.com\/webshop\/wp-json\/wp\/v2\/pages\/3093\/revisions"}],"predecessor-version":[{"id":5054,"href":"https:\/\/klaudijadent.com\/webshop\/wp-json\/wp\/v2\/pages\/3093\/revisions\/5054"}],"wp:attachment":[{"href":"https:\/\/klaudijadent.com\/webshop\/wp-json\/wp\/v2\/media?parent=3093"}],"curies":[{"name":"wp","href":"https:\/\/api.w.org\/{rel}","templated":true}]}}